[{"id":226,"date":"2018-10-14T22:42:46","date_gmt":"2018-10-14T22:42:46","guid":{"rendered":"http:\/\/edspace.american.edu\/vc3574a\/?page_id=226"},"modified":"2024-10-02T17:25:28","modified_gmt":"2024-10-02T17:25:28","slug":"contact-me-2","status":"publish","type":"page","link":"https:\/\/edspace.american.edu\/vc3574a\/contact-me-2\/","title":{"rendered":"Contact Me"},"content":{"rendered":"<p style=\"text-align: left\"><strong><em>Please feel free to contact me for any additional information. Thank you for your time.<\/em><\/strong><\/p>\n<p>E-mail: veracristinamed@gmail.com<\/p>\n<p>Phone Number: (787)-717-1080<\/p>\n<p>Sincerely,<\/p>\n<p>Vera Cristina Crespo Pe\u02dc\u00f1agaricano, MD<\/p>\n","protected":false},"excerpt":{"rendered":"<p>Please feel free to contact me for any additional information. Thank you for your time. E-mail: veracristinamed@gmail.com Phone Number: (787)-717-1080 Sincerely, Vera Cristina Crespo Pe\u02dc\u00f1agaricano, MD<\/p>\n","protected":false},"author":2733,"featured_media":0,"parent":0,"menu_order":0,"comment_status":"closed","ping_status":"closed","template":"","meta":{"footnotes":""},"class_list":["post-226","page","type-page","status-publish","hentry"],"_links":{"self":[{"href":"https:\/\/edspace.american.edu\/vc3574a\/wp-json\/wp\/v2\/pages\/226","targetHints":{"allow":["GET"]}}],"collection":[{"href":"https:\/\/edspace.american.edu\/vc3574a\/wp-json\/wp\/v2\/pages"}],"about":[{"href":"https:\/\/edspace.american.edu\/vc3574a\/wp-json\/wp\/v2\/types\/page"}],"author":[{"embeddable":true,"href":"https:\/\/edspace.american.edu\/vc3574a\/wp-json\/wp\/v2\/users\/2733"}],"replies":[{"embeddable":true,"href":"https:\/\/edspace.american.edu\/vc3574a\/wp-json\/wp\/v2\/comments?post=226"}],"version-history":[{"count":0,"href":"https:\/\/edspace.american.edu\/vc3574a\/wp-json\/wp\/v2\/pages\/226\/revisions"}],"wp:attachment":[{"href":"https:\/\/edspace.american.edu\/vc3574a\/wp-json\/wp\/v2\/media?parent=226"}],"curies":[{"name":"wp","href":"https:\/\/api.w.org\/{rel}","templated":true}]}},{"id":218,"date":"2018-10-11T13:21:56","date_gmt":"2018-10-11T13:21:56","guid":{"rendered":"http:\/\/edspace.american.edu\/vc3574a\/?page_id=218"},"modified":"2018-10-11T13:21:56","modified_gmt":"2018-10-11T13:21:56","slug":"contact-me","status":"publish","type":"page","link":"https:\/\/edspace.american.edu\/vc3574a\/contact-me\/","title":{"rendered":"Contact me"},"content":{"rendered":"<p>Please feel free to contact me for any additional information. Thank you for your time.<\/p>\n<p>&nbsp;<\/p>\n<p>E-mail: vc3574a@student.american.edu<\/p>\n<p>Phone: 787-717-1080<\/p>\n<p>Address:<\/p>\n<p>PMB 349<\/p>\n<p>405 Ave. Esmeralda<\/p>\n<p>Guaynabo, Puerto Rico 00969<\/p>\n<p>&nbsp;<\/p>\n<p>&nbsp;<\/p>\n<p>Sincerely,<\/p>\n<p>Vera Cristina Crespo<\/p>\n<p>&nbsp;<\/p>\n<p>&nbsp;<\/p>\n<p>&nbsp;<\/p>\n<p>&nbsp;<\/p>\n<p>&nbsp;<\/p>\n<p>&nbsp;<\/p>\n<p>&nbsp;<\/p>\n<p>&nbsp;<\/p>\n","protected":false},"excerpt":{"rendered":"<p>Please feel free to contact me for any additional information. Thank you for your time. &nbsp; E-mail: vc3574a@student.american.edu Phone: 787-717-1080 Address: PMB 349 405 Ave. Esmeralda Guaynabo, Puerto Rico 00969 &nbsp; &nbsp; Sincerely, Vera Cristina Crespo &nbsp; &nbsp; &nbsp; &nbsp; &nbsp; &nbsp; &nbsp; &nbsp;<\/p>\n","protected":false},"author":2733,"featured_media":0,"parent":0,"menu_order":0,"comment_status":"closed","ping_status":"closed","template":"","meta":{"footnotes":""},"class_list":["post-218","page","type-page","status-publish","hentry"],"_links":{"self":[{"href":"https:\/\/edspace.american.edu\/vc3574a\/wp-json\/wp\/v2\/pages\/218","targetHints":{"allow":["GET"]}}],"collection":[{"href":"https:\/\/edspace.american.edu\/vc3574a\/wp-json\/wp\/v2\/pages"}],"about":[{"href":"https:\/\/edspace.american.edu\/vc3574a\/wp-json\/wp\/v2\/types\/page"}],"author":[{"embeddable":true,"href":"https:\/\/edspace.american.edu\/vc3574a\/wp-json\/wp\/v2\/users\/2733"}],"replies":[{"embeddable":true,"href":"https:\/\/edspace.american.edu\/vc3574a\/wp-json\/wp\/v2\/comments?post=218"}],"version-history":[{"count":0,"href":"https:\/\/edspace.american.edu\/vc3574a\/wp-json\/wp\/v2\/pages\/218\/revisions"}],"wp:attachment":[{"href":"https:\/\/edspace.american.edu\/vc3574a\/wp-json\/wp\/v2\/media?parent=218"}],"curies":[{"name":"wp","href":"https:\/\/api.w.org\/{rel}","templated":true}]}},{"id":208,"date":"2018-10-11T13:09:27","date_gmt":"2018-10-11T13:09:27","guid":{"rendered":"http:\/\/edspace.american.edu\/vc3574a\/?page_id=208"},"modified":"2024-10-02T17:22:45","modified_gmt":"2024-10-02T17:22:45","slug":"gallery","status":"publish","type":"page","link":"https:\/\/edspace.american.edu\/vc3574a\/gallery\/","title":{"rendered":"Gallery"},"content":{"rendered":"<p>&nbsp;<\/p>\n<figure id=\"attachment_183\" aria-describedby=\"caption-attachment-183\" style=\"width: 286px\" class=\"wp-caption alignright\"><img fetchpriority=\"high\" decoding=\"async\" class=\"wp-image-183 \" src=\"http:\/\/edspace.american.edu\/vc3574a\/wp-content\/uploads\/sites\/1320\/2018\/10\/1075579_10151733272535399_1842328638_o-1-300x225.jpg\" alt=\"\" width=\"286\" height=\"214\" srcset=\"https:\/\/edspace.american.edu\/vc3574a\/wp-content\/uploads\/sites\/1320\/2018\/10\/1075579_10151733272535399_1842328638_o-1-300x225.jpg 300w, https:\/\/edspace.american.edu\/vc3574a\/wp-content\/uploads\/sites\/1320\/2018\/10\/1075579_10151733272535399_1842328638_o-1-768x576.jpg 768w, https:\/\/edspace.american.edu\/vc3574a\/wp-content\/uploads\/sites\/1320\/2018\/10\/1075579_10151733272535399_1842328638_o-1-1024x768.jpg 1024w, https:\/\/edspace.american.edu\/vc3574a\/wp-content\/uploads\/sites\/1320\/2018\/10\/1075579_10151733272535399_1842328638_o-1-467x350.jpg 467w, https:\/\/edspace.american.edu\/vc3574a\/wp-content\/uploads\/sites\/1320\/2018\/10\/1075579_10151733272535399_1842328638_o-1-150x113.jpg 150w, https:\/\/edspace.american.edu\/vc3574a\/wp-content\/uploads\/sites\/1320\/2018\/10\/1075579_10151733272535399_1842328638_o-1.jpg 2048w\" sizes=\"(max-width: 286px) 100vw, 286px\" \/><figcaption id=\"caption-attachment-183\" class=\"wp-caption-text\">Santa Rita, Paraguay.\u00a0<\/figcaption><\/figure>\n<figure id=\"attachment_54\" aria-describedby=\"caption-attachment-54\" style=\"width: 265px\" class=\"wp-caption alignleft\"><img decoding=\"async\" class=\" wp-image-54\" src=\"http:\/\/edspace.american.edu\/vc3574a\/wp-content\/uploads\/sites\/1320\/2018\/10\/993316_10201533176110181_334622233_n-300x225.jpg\" alt=\"\" width=\"265\" height=\"199\" srcset=\"https:\/\/edspace.american.edu\/vc3574a\/wp-content\/uploads\/sites\/1320\/2018\/10\/993316_10201533176110181_334622233_n-300x225.jpg 300w, https:\/\/edspace.american.edu\/vc3574a\/wp-content\/uploads\/sites\/1320\/2018\/10\/993316_10201533176110181_334622233_n-768x576.jpg 768w, https:\/\/edspace.american.edu\/vc3574a\/wp-content\/uploads\/sites\/1320\/2018\/10\/993316_10201533176110181_334622233_n.jpg 960w\" sizes=\"(max-width: 265px) 100vw, 265px\" \/><figcaption id=\"caption-attachment-54\" class=\"wp-caption-text\">Santa Rita, Paraguay. Daily school activities<\/figcaption><\/figure>\n<p>&nbsp;<\/p>\n<p>&nbsp;<\/p>\n","protected":false},"excerpt":{"rendered":"<p>&nbsp; &nbsp; &nbsp;<\/p>\n","protected":false},"author":2733,"featured_media":0,"parent":0,"menu_order":0,"comment_status":"closed","ping_status":"closed","template":"","meta":{"footnotes":""},"class_list":["post-208","page","type-page","status-publish","hentry"],"_links":{"self":[{"href":"https:\/\/edspace.american.edu\/vc3574a\/wp-json\/wp\/v2\/pages\/208","targetHints":{"allow":["GET"]}}],"collection":[{"href":"https:\/\/edspace.american.edu\/vc3574a\/wp-json\/wp\/v2\/pages"}],"about":[{"href":"https:\/\/edspace.american.edu\/vc3574a\/wp-json\/wp\/v2\/types\/page"}],"author":[{"embeddable":true,"href":"https:\/\/edspace.american.edu\/vc3574a\/wp-json\/wp\/v2\/users\/2733"}],"replies":[{"embeddable":true,"href":"https:\/\/edspace.american.edu\/vc3574a\/wp-json\/wp\/v2\/comments?post=208"}],"version-history":[{"count":0,"href":"https:\/\/edspace.american.edu\/vc3574a\/wp-json\/wp\/v2\/pages\/208\/revisions"}],"wp:attachment":[{"href":"https:\/\/edspace.american.edu\/vc3574a\/wp-json\/wp\/v2\/media?parent=208"}],"curies":[{"name":"wp","href":"https:\/\/api.w.org\/{rel}","templated":true}]}},{"id":199,"date":"2018-10-11T12:49:40","date_gmt":"2018-10-11T12:49:40","guid":{"rendered":"http:\/\/edspace.american.edu\/vc3574a\/?page_id=199"},"modified":"2024-10-02T17:14:57","modified_gmt":"2024-10-02T17:14:57","slug":"resume","status":"publish","type":"page","link":"https:\/\/edspace.american.edu\/vc3574a\/resume\/","title":{"rendered":"Resume"},"content":{"rendered":"<p><strong>EDUCATION<\/strong><\/p>\n<p>2019-2024<\/p>\n<p><strong>University of Medicine and Health Sciences<\/strong><\/p>\n<p>St. Kitts, West Indies<strong>\u00a0\u00a0\u00a0\u00a0\u00a0\u00a0\u00a0\u00a0\u00a0\u00a0\u00a0\u00a0\u00a0 \u00a0\u00a0\u00a0\u00a0\u00a0\u00a0\u00a0\u00a0\u00a0\u00a0\u00a0\u00a0\u00a0\u00a0\u00a0\u00a0\u00a0\u00a0\u00a0\u00a0\u00a0\u00a0\u00a0\u00a0\u00a0\u00a0\u00a0\u00a0\u00a0\u00a0\u00a0\u00a0\u00a0\u00a0\u00a0\u00a0\u00a0\u00a0\u00a0\u00a0\u00a0\u00a0\u00a0\u00a0\u00a0\u00a0\u00a0\u00a0\u00a0\u00a0\u00a0\u00a0\u00a0\u00a0\u00a0\u00a0\u00a0\u00a0\u00a0\u00a0\u00a0\u00a0\u00a0\u00a0\u00a0\u00a0\u00a0\u00a0\u00a0\u00a0\u00a0\u00a0\u00a0\u00a0\u00a0\u00a0\u00a0\u00a0\u00a0\u00a0\u00a0\u00a0\u00a0 <\/strong><\/p>\n<p>Doctor of Medicine, May 2024<\/p>\n<p>Cumulative GPA 3.71<\/p>\n<p>High Honors<\/p>\n<p>&nbsp;<\/p>\n<p>2015-2019<\/p>\n<p><strong>American University<\/strong><\/p>\n<p>Washington, DC<\/p>\n<p>College of Arts and Sciences<\/p>\n<p>Biology Major<\/p>\n<p>Cumulative GPA 2.7<em>\u00a0 <\/em><\/p>\n<p><em>\u00a0\u00a0\u00a0\u00a0\u00a0\u00a0\u00a0\u00a0\u00a0\u00a0\u00a0\u00a0\u00a0\u00a0\u00a0\u00a0\u00a0\u00a0\u00a0\u00a0\u00a0\u00a0\u00a0\u00a0\u00a0\u00a0\u00a0\u00a0\u00a0\u00a0 \u00a0\u00a0\u00a0\u00a0\u00a0\u00a0\u00a0\u00a0\u00a0\u00a0\u00a0\u00a0\u00a0\u00a0\u00a0\u00a0\u00a0\u00a0\u00a0\u00a0\u00a0\u00a0\u00a0\u00a0\u00a0\u00a0\u00a0\u00a0 \u00a0\u00a0\u00a0\u00a0\u00a0\u00a0\u00a0\u00a0\u00a0\u00a0\u00a0\u00a0\u00a0\u00a0\u00a0\u00a0\u00a0\u00a0\u00a0\u00a0\u00a0\u00a0\u00a0\u00a0\u00a0\u00a0\u00a0\u00a0\u00a0\u00a0\u00a0\u00a0\u00a0\u00a0\u00a0 \u00a0<\/em><\/p>\n<p><strong>EXPERIENCE<\/strong><\/p>\n<p><strong>\u00a0<\/strong><\/p>\n<p><strong>Clinical Experience<\/strong><\/p>\n<p><strong>\u00a0<\/strong><\/p>\n<p><strong>Physician Volunteer<\/strong><br \/>\nRed Cross @ Garden Expo, San Juan, PR<br \/>\nMay 2024<\/p>\n<ul>\n<li>Patients Medical History, Physical Exam, Patient Education<\/li>\n<li>Physical Exam, Vital Signs<\/li>\n<\/ul>\n<p><strong>\u00a0<\/strong><\/p>\n<p><strong>Physician Volunteer<\/strong><br \/>\nRed Cross Health Fair, Salinas, PR<br \/>\nMay 2024<\/p>\n<ul>\n<li>Patients Medical History, Physical Exam, Patient Education<\/li>\n<li>Physical Exam, Vital Signs<\/li>\n<\/ul>\n<p><strong>\u00a0<\/strong><\/p>\n<p><strong>Physician Volunteer<\/strong><br \/>\nRed Cross Health Fair, Yabucoa, PR<br \/>\nJune 2024<\/p>\n<ul>\n<li>Patients Medical History, Physical Exam, Patient Education<\/li>\n<li>Physical Exam, Vital Signs<\/li>\n<\/ul>\n<p>&nbsp;<\/p>\n<p><strong>Medical Student <\/strong><br \/>\nNeuroclinic PR, San Juan\/Fajardo, PR<\/p>\n<p>September 2022-October 2022<\/p>\n<ul>\n<li>Shadowing Experience<\/li>\n<li>Learned and mastered neurological exam and MMSE<\/li>\n<\/ul>\n<p>&nbsp;<\/p>\n<p><strong>Medical Student <\/strong><br \/>\nPuerto Rico Urology Center, San Juan, PR<\/p>\n<p>May 2021<\/p>\n<ul>\n<li>Shadowing Experience<\/li>\n<\/ul>\n<p><strong>\u00a0<\/strong><\/p>\n<p><strong>Research\/Professional Experience<\/strong><\/p>\n<p><strong>\u00a0<\/strong><\/p>\n<p><strong>Research Assistant<\/strong><br \/>\nLa Alianza Hispana para la Investigaci\u00f3n Cl\u00ednica y Traslacional, San Juan, PR<br \/>\nMay 2024-June 2025<\/p>\n<ul>\n<li><strong>EFIGA<\/strong>: Factores de Riesgo de la Enfermedad de Alzheimer y Otros Trastornos Neurol\u00f3gicos Relacionados en la poblaci\u00f3n Hispano-Caribe\u00f1a de Puerto Rico<\/li>\n<li>Working as the physician of this study has given me the opportunity to work with a specific group of participants that have Alzheimer\u2019s or have family members affected by the condition.<\/li>\n<li>I have mastered my patient interviewing skills and HPI\u2019s, Mini Mental Exams and Physical Examination<\/li>\n<li>This is an ongoing research project<\/li>\n<\/ul>\n<p>&nbsp;<\/p>\n<p><strong>Research Assistant<\/strong><br \/>\nLa Alianza Hispana para la Investigaci\u00f3n Cl\u00ednica y Traslacional, San Juan, PR<br \/>\nMay 2024-June 2025<\/p>\n<ul>\n<li><strong>FINGERS<\/strong>: Finnish Intervention Study to Prevent Cognitive Decline and Disability<\/li>\n<li>Working as the physician of this study has given me the opportunity to study and learn about lifestyle modifications and preventive measures to prevent cognitive decline.<\/li>\n<li>I have mastered my patient interviewing skills and HPI\u2019s, Mini Mental Exams and Physical Examination<\/li>\n<li>This is an ongoing research project<\/li>\n<\/ul>\n<p>&nbsp;<\/p>\n<p><strong>Volunteer Experience<\/strong><\/p>\n<p><strong>\u00a0<\/strong><\/p>\n<p><strong>Hurricane Fiona Relief Volunteer<\/strong><br \/>\nFree Healthcare Clinic, Utuado, PR<br \/>\nSeptember 2022<\/p>\n<ul>\n<li>Assisted in the health fair and provided education on topics such as nutrition and disease prevention for underserved communities.<\/li>\n<\/ul>\n<p>&nbsp;<\/p>\n<p><strong>COVID-19 Vaccinator- Volunteer\u00a0 <\/strong><\/p>\n<p><strong>Free Healthcare Clinic, Barceloneta, PR<\/strong><\/p>\n<p>2021<\/p>\n<ul>\n<li>Assisted in the health fair as a vaccinator during the Covid Pandemic<\/li>\n<li>Provided education on preventive measures during the pandemic for underserved communities<\/li>\n<\/ul>\n<p><strong>\u00a0<\/strong><\/p>\n<p><strong>Third grade TA\u00a0\u00a0\u00a0\u00a0\u00a0\u00a0\u00a0\u00a0\u00a0\u00a0\u00a0\u00a0\u00a0\u00a0\u00a0\u00a0\u00a0\u00a0\u00a0\u00a0\u00a0\u00a0\u00a0\u00a0\u00a0\u00a0\u00a0\u00a0\u00a0\u00a0\u00a0\u00a0\u00a0\u00a0\u00a0\u00a0\u00a0\u00a0\u00a0\u00a0\u00a0\u00a0\u00a0\u00a0 \u00a0\u00a0\u00a0\u00a0\u00a0\u00a0\u00a0\u00a0\u00a0\u00a0 \u00a0\u00a0\u00a0\u00a0\u00a0\u00a0\u00a0\u00a0\u00a0\u00a0\u00a0\u00a0 <\/strong><\/p>\n<p>Kid Power, Washington DC<\/p>\n<p>August 2018<\/p>\n<ul>\n<li>Fall Volunteer<\/li>\n<li>During my undergrad I worked after school as a TA for third grade students<\/li>\n<\/ul>\n<p>&nbsp;<\/p>\n<p><strong>Undergraduate Intern \u00a0\u00a0\u00a0\u00a0\u00a0\u00a0\u00a0\u00a0\u00a0\u00a0\u00a0\u00a0\u00a0\u00a0\u00a0\u00a0\u00a0\u00a0\u00a0\u00a0\u00a0\u00a0\u00a0\u00a0\u00a0\u00a0\u00a0\u00a0\u00a0\u00a0\u00a0\u00a0 <\/strong><\/p>\n<p>Every Child Matters Organization, Washington DC<\/p>\n<p>August 2017-May 2018<\/p>\n<ul>\n<li>Helped with social media posts<\/li>\n<li>Attended educative talks\/events<\/li>\n<li>Performed research on different political candidates and their proposals regarding children\u2019s health<\/li>\n<\/ul>\n<p>&nbsp;<\/p>\n<p><strong>Missionary trip<\/strong>, <strong>Volunteer<\/strong><\/p>\n<p>Paraguay, South America<\/p>\n<p>July 2013 and July 2014<em>\u00a0\u00a0\u00a0\u00a0\u00a0\u00a0\u00a0\u00a0\u00a0\u00a0\u00a0\u00a0\u00a0\u00a0\u00a0\u00a0\u00a0\u00a0\u00a0\u00a0\u00a0\u00a0\u00a0\u00a0\u00a0\u00a0\u00a0\u00a0\u00a0\u00a0\u00a0\u00a0\u00a0\u00a0\u00a0\u00a0\u00a0\u00a0\u00a0\u00a0\u00a0\u00a0\u00a0\u00a0\u00a0\u00a0\u00a0\u00a0\u00a0\u00a0\u00a0\u00a0\u00a0\u00a0\u00a0\u00a0\u00a0\u00a0\u00a0\u00a0\u00a0\u00a0\u00a0\u00a0\u00a0\u00a0\u00a0\u00a0\u00a0\u00a0\u00a0\u00a0\u00a0\u00a0\u00a0\u00a0\u00a0\u00a0\u00a0\u00a0\u00a0\u00a0\u00a0\u00a0\u00a0\u00a0\u00a0\u00a0\u00a0\u00a0\u00a0\u00a0\u00a0\u00a0\u00a0\u00a0\u00a0\u00a0\u00a0\u00a0\u00a0\u00a0\u00a0\u00a0 <\/em><\/p>\n<ul>\n<li>Part of a group of people from different ages and different places<\/li>\n<li>Traveled to Santa Rita, Paraguay for three weeks<\/li>\n<li>Assisted in helping building homes and provided education to underserved communities<\/li>\n<\/ul>\n<p>&nbsp;<\/p>\n<p><strong>CERTIFICATIONS AND LICENCES<\/strong><\/p>\n<p>&nbsp;<\/p>\n<p>2024<\/p>\n<ul>\n<li><strong>Congreso Anual Academia Puertorrique\u00f1a de Neurolog\u00eda <\/strong><\/li>\n<\/ul>\n<p><em>\u201cMemory Loss and Beyond 2024: Doctor se me Olvidan las Cosas\u201d<\/em><\/p>\n<p>&nbsp;<\/p>\n<ul>\n<li><strong>\u201cExposici\u00f3n Ocupacional a Pat\u00f3genos Transmitidos por Sangre Humana (29 CFR 1910.1030)<\/strong><\/li>\n<li><strong>Manejo de Desperdicios Biom\u00e9dicos Regulados (DBR) y Comunicaci\u00f3n de Peligros <\/strong><\/li>\n<\/ul>\n<p><strong>\u00a0<\/strong><\/p>\n<ul>\n<li><strong>Human Research- Biomedical Research (ID 39443)<\/strong><\/li>\n<\/ul>\n<p><strong>\u00a0<\/strong><\/p>\n<ul>\n<li><strong>CITI Health Information Privacy and Security (HIPS) for Clinical Investigators (ID 39512)<\/strong><\/li>\n<\/ul>\n<p><strong>\u00a0<\/strong><\/p>\n<ul>\n<li><strong>CITI Health Information Privacy and Security (HIPS) for Clinicians (ID 39513)<\/strong><\/li>\n<\/ul>\n<p><strong>\u00a0<\/strong><\/p>\n<ul>\n<li><strong>Biosafety Complete Training Series (ID 90887)<\/strong><\/li>\n<\/ul>\n<p><strong>\u00a0<\/strong><\/p>\n<ul>\n<li><strong>GCP \u2013 Social and Behavioral Research Best Practices for Clinical Research (ID 180073)<\/strong><\/li>\n<\/ul>\n<p><strong>\u00a0<\/strong><\/p>\n<p>2023<\/p>\n<ul>\n<li><strong>CITI Program: Clinical Research: An Introduction (ID 250765)<\/strong><\/li>\n<\/ul>\n<p><strong>\u00a0<\/strong><\/p>\n<p>2021<\/p>\n<ul>\n<li><strong>ACLS Provider <\/strong><\/li>\n<\/ul>\n<p>Issue date: 06\/26\/2021<\/p>\n<ul>\n<li><strong>BLS Provider <\/strong><\/li>\n<\/ul>\n<p>Issue date: 06\/13\/2021<\/p>\n<ul>\n<li><strong>HIPAA Training\/ OSHA and Infection Control Training<\/strong><\/li>\n<\/ul>\n<p>Issue date: 06\/02\/2021<\/p>\n<p>Updated: 05\/22\/2023<\/p>\n<p><strong>Honors<\/strong><\/p>\n<ul>\n<li><strong>High Honors<\/strong><\/li>\n<\/ul>\n<p>University of Medicine and Health Sciences, 2024<\/p>\n<p>&nbsp;<\/p>\n<p><strong>Skills<\/strong><\/p>\n<ul>\n<li>Patient Assessment<\/li>\n<li>Electronic Health Records<\/li>\n<li>Patient Education<\/li>\n<li>Communication<\/li>\n<li>Time management<\/li>\n<li>Documentation<\/li>\n<li>Diagnostic Skills<\/li>\n<li>Phlebotomy<\/li>\n<\/ul>\n<p>&nbsp;<\/p>\n<p><strong>Languages<\/strong><\/p>\n<ul>\n<li><strong>English<\/strong> \u2013 Very Fluent<\/li>\n<li><strong>Spanish<\/strong> \u2013 Native<\/li>\n<\/ul>\n<p>&nbsp;<\/p>\n<p><strong>ADDITIONAL INFORMATION<\/strong><\/p>\n<ul>\n<li>Bilingual in Spanish and English<\/li>\n<li>27-years old<\/li>\n<li>References available upon request<\/li>\n<\/ul>\n","protected":false},"excerpt":{"rendered":"<p>EDUCATION 2019-2024 University of Medicine and Health Sciences St. Kitts, West Indies\u00a0\u00a0\u00a0\u00a0\u00a0\u00a0\u00a0\u00a0\u00a0\u00a0\u00a0\u00a0\u00a0 \u00a0\u00a0\u00a0\u00a0\u00a0\u00a0\u00a0\u00a0\u00a0\u00a0\u00a0\u00a0\u00a0\u00a0\u00a0\u00a0\u00a0\u00a0\u00a0\u00a0\u00a0\u00a0\u00a0\u00a0\u00a0\u00a0\u00a0\u00a0\u00a0\u00a0\u00a0\u00a0\u00a0\u00a0\u00a0\u00a0\u00a0\u00a0\u00a0\u00a0\u00a0\u00a0\u00a0\u00a0\u00a0\u00a0\u00a0\u00a0\u00a0\u00a0\u00a0\u00a0\u00a0\u00a0\u00a0\u00a0\u00a0\u00a0\u00a0\u00a0\u00a0\u00a0\u00a0\u00a0\u00a0\u00a0\u00a0\u00a0\u00a0\u00a0\u00a0\u00a0\u00a0\u00a0\u00a0\u00a0\u00a0\u00a0\u00a0\u00a0\u00a0\u00a0\u00a0 Doctor of Medicine, May 2024 Cumulative GPA 3.71 High Honors &nbsp; 2015-2019 American University Washington, DC College of Arts and Sciences Biology Major Cumulative GPA 2.7\u00a0 \u00a0\u00a0\u00a0\u00a0\u00a0\u00a0\u00a0\u00a0\u00a0\u00a0\u00a0\u00a0\u00a0\u00a0\u00a0\u00a0\u00a0\u00a0\u00a0\u00a0\u00a0\u00a0\u00a0\u00a0\u00a0\u00a0\u00a0\u00a0\u00a0\u00a0 \u00a0\u00a0\u00a0\u00a0\u00a0\u00a0\u00a0\u00a0\u00a0\u00a0\u00a0\u00a0\u00a0\u00a0\u00a0\u00a0\u00a0\u00a0\u00a0\u00a0\u00a0\u00a0\u00a0\u00a0\u00a0\u00a0\u00a0\u00a0 \u00a0\u00a0\u00a0\u00a0\u00a0\u00a0\u00a0\u00a0\u00a0\u00a0\u00a0\u00a0\u00a0\u00a0\u00a0\u00a0\u00a0\u00a0\u00a0\u00a0\u00a0\u00a0\u00a0\u00a0\u00a0\u00a0\u00a0\u00a0\u00a0\u00a0\u00a0\u00a0\u00a0\u00a0\u00a0 \u00a0 EXPERIENCE \u00a0 Clinical Experience \u00a0 Physician Volunteer Red Cross @ Garden Expo, &hellip; <a href=\"https:\/\/edspace.american.edu\/vc3574a\/resume\/\" class=\"more-link\">Continue reading <span class=\"screen-reader-text\">Resume<\/span><\/a><\/p>\n","protected":false},"author":2733,"featured_media":0,"parent":0,"menu_order":0,"comment_status":"closed","ping_status":"closed","template":"","meta":{"footnotes":""},"class_list":["post-199","page","type-page","status-publish","hentry"],"_links":{"self":[{"href":"https:\/\/edspace.american.edu\/vc3574a\/wp-json\/wp\/v2\/pages\/199","targetHints":{"allow":["GET"]}}],"collection":[{"href":"https:\/\/edspace.american.edu\/vc3574a\/wp-json\/wp\/v2\/pages"}],"about":[{"href":"https:\/\/edspace.american.edu\/vc3574a\/wp-json\/wp\/v2\/types\/page"}],"author":[{"embeddable":true,"href":"https:\/\/edspace.american.edu\/vc3574a\/wp-json\/wp\/v2\/users\/2733"}],"replies":[{"embeddable":true,"href":"https:\/\/edspace.american.edu\/vc3574a\/wp-json\/wp\/v2\/comments?post=199"}],"version-history":[{"count":0,"href":"https:\/\/edspace.american.edu\/vc3574a\/wp-json\/wp\/v2\/pages\/199\/revisions"}],"wp:attachment":[{"href":"https:\/\/edspace.american.edu\/vc3574a\/wp-json\/wp\/v2\/media?parent=199"}],"curies":[{"name":"wp","href":"https:\/\/api.w.org\/{rel}","templated":true}]}},{"id":192,"date":"2018-10-11T12:40:31","date_gmt":"2018-10-11T12:40:31","guid":{"rendered":"http:\/\/edspace.american.edu\/vc3574a\/?page_id=192"},"modified":"2024-10-02T17:18:43","modified_gmt":"2024-10-02T17:18:43","slug":"about-me","status":"publish","type":"page","link":"https:\/\/edspace.american.edu\/vc3574a\/","title":{"rendered":"About Me"},"content":{"rendered":"<p><img decoding=\"async\" class=\"wp-image-204 alignleft\" style=\"font-size: 12px\" src=\"http:\/\/edspace.american.edu\/vc3574a\/wp-content\/uploads\/sites\/1320\/2018\/10\/1907699_10202776010414664_1169359432_o-169x300.jpg\" alt=\"\" width=\"221\" height=\"393\" srcset=\"https:\/\/edspace.american.edu\/vc3574a\/wp-content\/uploads\/sites\/1320\/2018\/10\/1907699_10202776010414664_1169359432_o-169x300.jpg 169w, https:\/\/edspace.american.edu\/vc3574a\/wp-content\/uploads\/sites\/1320\/2018\/10\/1907699_10202776010414664_1169359432_o.jpg 576w, https:\/\/edspace.american.edu\/vc3574a\/wp-content\/uploads\/sites\/1320\/2018\/10\/1907699_10202776010414664_1169359432_o-197x350.jpg 197w, https:\/\/edspace.american.edu\/vc3574a\/wp-content\/uploads\/sites\/1320\/2018\/10\/1907699_10202776010414664_1169359432_o-84x150.jpg 84w\" sizes=\"(max-width: 221px) 100vw, 221px\" \/><\/p>\n<p><span style=\"color: #999999\">Photo from 2015 High School Career Day<\/span><\/p>\n<p>&nbsp;<\/p>\n<p>&nbsp;<\/p>\n<p>&nbsp;<\/p>\n<p>&nbsp;<\/p>\n<p>&nbsp;<\/p>\n<p>&nbsp;<\/p>\n<p>&nbsp;<\/p>\n<p style=\"text-align: left\"><strong>My name is Vera Cristina Crespo Pe\u00f1agar\u00edcano and I graduated from <a href=\"https:\/\/www.american.edu\/cas\/biology\/\">American University<\/a> in May 2019 with a degree in biology. I recently graduated from UMHS Medical School in May 2024. <\/strong><\/p>\n","protected":false},"excerpt":{"rendered":"<p>Photo from 2015 High School Career Day &nbsp; &nbsp; &nbsp; &nbsp; &nbsp; &nbsp; &nbsp; My name is Vera Cristina Crespo Pe\u00f1agar\u00edcano and I graduated from American University in May 2019 with a degree in biology. I recently graduated from UMHS Medical School in May 2024.<\/p>\n","protected":false},"author":2733,"featured_media":0,"parent":0,"menu_order":0,"comment_status":"closed","ping_status":"closed","template":"","meta":{"footnotes":""},"class_list":["post-192","page","type-page","status-publish","hentry"],"_links":{"self":[{"href":"https:\/\/edspace.american.edu\/vc3574a\/wp-json\/wp\/v2\/pages\/192","targetHints":{"allow":["GET"]}}],"collection":[{"href":"https:\/\/edspace.american.edu\/vc3574a\/wp-json\/wp\/v2\/pages"}],"about":[{"href":"https:\/\/edspace.american.edu\/vc3574a\/wp-json\/wp\/v2\/types\/page"}],"author":[{"embeddable":true,"href":"https:\/\/edspace.american.edu\/vc3574a\/wp-json\/wp\/v2\/users\/2733"}],"replies":[{"embeddable":true,"href":"https:\/\/edspace.american.edu\/vc3574a\/wp-json\/wp\/v2\/comments?post=192"}],"version-history":[{"count":0,"href":"https:\/\/edspace.american.edu\/vc3574a\/wp-json\/wp\/v2\/pages\/192\/revisions"}],"wp:attachment":[{"href":"https:\/\/edspace.american.edu\/vc3574a\/wp-json\/wp\/v2\/media?parent=192"}],"curies":[{"name":"wp","href":"https:\/\/api.w.org\/{rel}","templated":true}]}},{"id":4,"date":"2018-10-08T13:07:44","date_gmt":"2018-10-08T13:07:44","guid":{"rendered":"http:\/\/edspace.american.edu\/vc3574a\/?page_id=4"},"modified":"2024-10-02T17:21:25","modified_gmt":"2024-10-02T17:21:25","slug":"portafolio","status":"publish","type":"page","link":"https:\/\/edspace.american.edu\/vc3574a\/portafolio\/","title":{"rendered":"Portafolio"},"content":{"rendered":"<p><a href=\"http:\/\/edspace.american.edu\/vc3574a\/wp-content\/uploads\/sites\/1320\/2018\/10\/Winning.pdf\">Winning &#8211; Writing Sample<\/a><\/p>\n<p><a href=\"http:\/\/edspace.american.edu\/vc3574a\/wp-content\/uploads\/sites\/1320\/2018\/10\/cover-letter-kid-power.pdf\">Cover Letter- Kid Power<\/a><\/p>\n<p><a href=\"http:\/\/edspace.american.edu\/vc3574a\/wp-content\/uploads\/sites\/1320\/2018\/10\/Draft-Letters-Every-Child-Matters.pdf\">Draft Letters- Every Child Matters<\/a><\/p>\n<p><a href=\"http:\/\/edspace.american.edu\/vc3574a\/wp-content\/uploads\/sites\/1320\/2018\/10\/Research-Proposal-GRANT-.pdf\">Research Proposal-GRANT<\/a><\/p>\n<p>&nbsp;<\/p>\n","protected":false},"excerpt":{"rendered":"<p>Winning &#8211; Writing Sample Cover Letter- Kid Power Draft Letters- Every Child Matters Research Proposal-GRANT &nbsp;<\/p>\n","protected":false},"author":2733,"featured_media":0,"parent":0,"menu_order":0,"comment_status":"closed","ping_status":"closed","template":"","meta":{"footnotes":""},"class_list":["post-4","page","type-page","status-publish","hentry"],"_links":{"self":[{"href":"https:\/\/edspace.american.edu\/vc3574a\/wp-json\/wp\/v2\/pages\/4","targetHints":{"allow":["GET"]}}],"collection":[{"href":"https:\/\/edspace.american.edu\/vc3574a\/wp-json\/wp\/v2\/pages"}],"about":[{"href":"https:\/\/edspace.american.edu\/vc3574a\/wp-json\/wp\/v2\/types\/page"}],"author":[{"embeddable":true,"href":"https:\/\/edspace.american.edu\/vc3574a\/wp-json\/wp\/v2\/users\/2733"}],"replies":[{"embeddable":true,"href":"https:\/\/edspace.american.edu\/vc3574a\/wp-json\/wp\/v2\/comments?post=4"}],"version-history":[{"count":0,"href":"https:\/\/edspace.american.edu\/vc3574a\/wp-json\/wp\/v2\/pages\/4\/revisions"}],"wp:attachment":[{"href":"https:\/\/edspace.american.edu\/vc3574a\/wp-json\/wp\/v2\/media?parent=4"}],"curies":[{"name":"wp","href":"https:\/\/api.w.org\/{rel}","templated":true}]}}]